{"id":1046,"date":"2024-12-08T14:05:37","date_gmt":"2024-12-08T14:05:37","guid":{"rendered":"http:\/\/jagsystem.com\/"},"modified":"2024-12-08T14:05:37","modified_gmt":"2024-12-08T14:05:37","slug":"varios-ataques-israelenses-sao-relatados-em-bases-aereas-no-sul-da-siria","status":"publish","type":"page","link":"https:\/\/israelagora.com.br\/en\/?page_id=1046","title":{"rendered":"Multiple Israeli strikes reported on airbases in southern Syria"},"content":{"rendered":"<div class=\"wp-block-image\"><figure><img decoding=\"async\" src=\"https:\/\/vendedoradesonhos.com.br\/img\/sites\/img_strike_bases_sirias.jpg\" alt=\"\" style=\"width:100%\"><figcaption>View from northern Israel of the border with Syria, December 8, 2024. (Michael Giladi\/Flash90)<\/figcaption><\/figure><\/div><hr><\/p><p>\r\n\t<a href='https:\/\/israelisreal.co\"s=syria'>#Syria<\/a>\u00a0<\/p><p><\/p><p>\r\n\t<strong>Syrian media reports Israeli airstrikes in the Daraa and Suwayda areas in southern Syria, not far from the Israeli border, as well as at the Mezzeh airbase near the capital Damascus.<\/p><p>\r\n<\/strong><\/p><p>According to the reports, the strikes targeted ammunition and weapons depots at the Khalkhalah airbase in Suwayda, several sites in the Daraa Governorate and the Mezzeh airbase.\r\n<\/p><p>\r\nThere is no immediate comment from the IDF.\r\n<\/p><p>\r\nEarlier, the military said it was tracking weapons in Syria and working to prevent them from reaching Hezbollah or any other elements that could threaten Israel.\r\n<\/p><p>\r\n<div class=\"wp-block-image\"><figure><blockquote class=\"twitter-tweet\" data-theme=\"dark\"><p lang=\"ar\" dir=\"rtl\"><a href=\"https:\/\/twitter.com\/hashtag\/%D8%B4%D8%A7%D9%85'src=hash&#038;ref_src=twsrc%5Etfw\">#?<\/a> <a href=\"https:\/\/twitter.com\/hashtag\/%D8%B9%D8%A7%D8%AC%D9%84'src=hash&#038;ref_src=twsrc%5Etfw\">#<\/a> :: &#8211;  &#8211;  &#8211; &#8211;    &#8211;   &#8211;   &#8211;  &#8211; . <a href=\"https:\/\/t.co\/KvZnksRQ5p\">pic.twitter.com\/KvZnksRQ5p<\/a><\/p>?  &#8211; &#8211; (@ShaamNetwork) <a href=\"https:\/\/twitter.com\/ShaamNetwork\/status\/1865715314421301348?ref_src=twsrc%5Etfw\">December 8, 2024<\/a><\/blockquote> <script async src=\"https:\/\/platform.twitter.com\/widgets.js\" charset=\"utf-8\"><\/script><figcaption>Israeli airstrikes target several locations in southern Syria and also Mezzeh Military Airport, most of which target ammunition and weapons depots.<\/figcaption><\/figure><\/div><hr>\r\n<\/p><p>\r\n<div class=\"wp-block-image\"><figure><blockquote class=\"twitter-tweet\" data-theme=\"dark\"><p lang=\"en\" dir=\"ltr\">?BREAKING: Non-stop massive bombardments by the Israeli Air Force in Syria, aiming to destroy advanced weapon caches and anything that could threaten Israel if it falls into the wrong hands. <a href=\"https:\/\/t.co\/2PrCrzixbs\">pic.twitter.com\/2PrCrzixbs<\/a><\/p>? Vivid. (@VividProwess) <a href=\"https:\/\/twitter.com\/VividProwess\/status\/1865737645587865767?ref_src=twsrc%5Etfw\">December 8, 2024<\/a><\/blockquote> <script async src=\"https:\/\/platform.twitter.com\/widgets.js\" charset=\"utf-8\"><\/script><figcaption>BREAKING: Non-stop massive bombardments by the Israeli Air Force in Syria, aiming to destroy advanced weapon caches and anything that could threaten Israel if it falls into the wrong hands.<\/figcaption><\/figure><\/div><hr>\r\n<\/p><p>\r\n<div class=\"wp-block-image\"><figure><blockquote class=\"twitter-tweet\" data-theme=\"dark\"><p lang=\"pt\" dir=\"ltr\">Documenta\u00e7\u00e3o do ataque da IAF h\u00e1 pouco tempo ao aeroporto de Almaza, em Damasco <a href=\"https:\/\/t.co\/l3OAB0Evii\">pic.twitter.com\/l3OAB0Evii<\/a><\/p>&mdash; Israel Agora e Sempre?????? (@AgoraIsrael) <a href=\"https:\/\/twitter.com\/AgoraIsrael\/status\/1865812973047910692?ref_src=twsrc%5Etfw\">December 8, 2024<\/a><\/blockquote> <script async src=\"https:\/\/platform.twitter.com\/widgets.js\" charset=\"utf-8\"><\/script><figcaption>Documentation of the IAF&#8217;s recent attack on Almaza Airport in Damascus<\/figcaption><\/figure><\/div><hr>\r\n<\/p><p>\r\n<div class=\"wp-block-image\"><figure><blockquote class=\"twitter-tweet\" data-theme=\"dark\"><p lang=\"pt\" dir=\"ltr\">Um ataque das IDF ao campo militar de Almaza, em Damasco. <a href=\"https:\/\/t.co\/JZuz4YRonF\">pic.twitter.com\/JZuz4YRonF<\/a><\/p>&mdash; Desiree Rugani (@desireerugani) <a href=\"https:\/\/twitter.com\/desireerugani\/status\/1865806894448943173?ref_src=twsrc%5Etfw\">December 8, 2024<\/a><\/blockquote> <script async src=\"https:\/\/platform.twitter.com\/widgets.js\" charset=\"utf-8\"><\/script><figcaption>An IDF attack on the Almaza military camp in Damascus.<\/figcaption><\/figure><\/div><hr>\r\n<\/p><p>\r\n<hr>\r\n\r\n<p style=\"text-align:right\"><em>Published in 12\/08\/2024 14h05<\/em><\/p>\r\n<hr>\r\n<p style=\"text-align:right\"><em><a href=\"https:\/\/israelagora.com.br\/?page_id=16914\">Portuguese version<\/a><\/em><\/p>\r\n<hr>\r\n\r\n\r\n<p>Original article:<\/p>\r\n\t\r\n\r\n\r\n\r\n<ul class=\"wp-block-list\"><li><a href=\"https:\/\/www.timesofisrael.com\/liveblog_entry\/multiple-israeli-strikes-reported-on-airbases-in-southern-syria\/\" target=\"_blank\">https:\/\/www.timesofisrael.com\/liveblog_entry\/multiple-israeli-strikes-reported-on-airbases-in-southern-syria\/<\/a><\/li><\/ul>\r\n\r\n\r\n\r\n\r\n<hr class=\"wp-block-separator is-style-wide\"\/>\r\n\r\n<div style=\"position: buttonline;\"><iframe loading=\"lazy\" src=\"https:\/\/vendedoradesonhos.com.br\/rodape_sites.php\"arg=37404\" frameborder=\"0\" height=\"420px\" width=\"100%\"><\/iframe><\/div>\r\n<div style=\"position: buttonline;\"><iframe loading=\"lazy\" src=\"https:\/\/vendedoradesonhos.com.br\/comentario_navegacao.php\"arg=37404\" frameborder=\"0\" height=\"500px\" width=\"100%\"><\/iframe><\/div>\r\n<div style=\"position:absolute; width:40%; height:70px; top:-70px; left:0px;\"><iframe loading=\"lazy\" src=\"https:\/\/vendedoradesonhos.com.br\/oferta_site_esq.php\"arg=37404\" frameborder=\"0\" height=\"100%\" width=\"100%\"><\/iframe><\/div>\r\n<div style=\"position:absolute; width:40%; height:70px; top:-70px; right:0px;\"><iframe loading=\"lazy\" src=\"https:\/\/vendedoradesonhos.com.br\/oferta_site_dir.php\"arg=37404\" frameborder=\"0\" height=\"100%;\" width=\"100%\"><\/iframe><\/div>\r\n<a href=\"https:\/\/jagsystem.com\">\r\n<div style=\"position:absolute; height:200px; width:94%; left:3%; text-align:center; border-color: white; border-radius: 5px; border-style: solid;\">\r\n<table width=\"100%\" align=\"center\"><tr><td width=\"30%\" align=\"right\">Geoprocessing<br>Drone Systems<br>HPC<\/td><td width=\"30%\">\r\n<img decoding=\"async\" src=\"https:\/\/vendedoradesonhos.com.br\/wp-content\/uploads\/2022\/10\/logo_branco_jag6.png\" vspace=\"20\" width=\"250\" border=\"0\">\r\n<\/td><td width=\"30%\" align=\"left\">ERP and CRM Systems<br>Mobile Systems<br>AI<\/td><\/tr><\/table>\r\n<\/div>\r\n<\/a><br><br><br><br>","protected":false},"excerpt":{"rendered":"","protected":false},"author":1,"featured_media":0,"parent":169,"menu_order":0,"comment_status":"closed","ping_status":"closed","template":"","meta":{"footnotes":""},"class_list":["post-1046","page","type-page","status-publish","hentry"],"_links":{"self":[{"href":"https:\/\/israelagora.com.br\/en\/index.php?rest_route=\/wp\/v2\/pages\/1046","targetHints":{"allow":["GET"]}}],"collection":[{"href":"https:\/\/israelagora.com.br\/en\/index.php?rest_route=\/wp\/v2\/pages"}],"about":[{"href":"https:\/\/israelagora.com.br\/en\/index.php?rest_route=\/wp\/v2\/types\/page"}],"author":[{"embeddable":true,"href":"https:\/\/israelagora.com.br\/en\/index.php?rest_route=\/wp\/v2\/users\/1"}],"replies":[{"embeddable":true,"href":"https:\/\/israelagora.com.br\/en\/index.php?rest_route=%2Fwp%2Fv2%2Fcomments&post=1046"}],"version-history":[{"count":0,"href":"https:\/\/israelagora.com.br\/en\/index.php?rest_route=\/wp\/v2\/pages\/1046\/revisions"}],"up":[{"embeddable":true,"href":"https:\/\/israelagora.com.br\/en\/index.php?rest_route=\/wp\/v2\/pages\/169"}],"wp:attachment":[{"href":"https:\/\/israelagora.com.br\/en\/index.php?rest_route=%2Fwp%2Fv2%2Fmedia&parent=1046"}],"curies":[{"name":"wp","href":"https:\/\/api.w.org\/{rel}","templated":true}]}}