{"id":1521,"date":"2025-04-11T11:10:46","date_gmt":"2025-04-11T11:10:46","guid":{"rendered":"http:\/\/jagsystem.com\/"},"modified":"2025-04-11T11:10:46","modified_gmt":"2025-04-11T11:10:46","slug":"a-verdadeira-razao-da-visita-de-netanyahu-aos-eua-o-ira","status":"publish","type":"page","link":"https:\/\/israelagora.com.br\/en\/?page_id=1521","title":{"rendered":"The real reason for Netanyahu&#8217;s US visit: Iran"},"content":{"rendered":"<div class=\"wp-block-image\"><figure><img decoding=\"async\" src=\"https:\/\/vendedoradesonhos.com.br\/img\/sites\/img_trump_netanyahu2.jpg\" alt=\"\" style=\"width:100%\"><figcaption>U.S. President Donald Trump and Israeli Prime Minister Benjamin Netanyahu hold a joint press conference in the East Room at the White House in Washington, U.S., February 4, 2025. (credit: REUTERS\/Leah Millis )<\/figcaption><\/figure><\/div><hr><\/p><p>\r\n\t<a href='https:\/\/israelisreal.co\"s=iran'>#Iran<\/a>\u00a0<\/p><p><\/p><p>\r\n\t<strong>Mike Herzog, the former Israeli ambassador to the United States, has revealed what he believes went on behind the scenes during Israeli Prime Minister Benjamin Netanyahu&#8217;s recent visit to the White House<\/strong><\/p><p> According to him, the main reason for the hastily organized trip was the issue of Iran&#8217;s nuclear program.\r\n<\/p><p>\r\nHerzog, who is also a retired general and an expert on relations between Israel and the Middle East, explained in an interview with the Maariv newspaper that the urgency of the visit came from a decision by the US government.<\/p><p>\r\nThe US decided to start negotiations with Iran immediately and wanted to inform Israel to ensure that the two countries were on the same page.\r\n<\/p><p>\r\nWhy is Iran such a concern?\r\n<\/p><p>\r\nHerzog stressed that Israel is not against diplomatic talks on Iran&#8217;s nuclear program, but is very cautious.<\/p><p>\r\nThat&#8217;s because previous negotiations have failed, and Iran&#8217;s nuclear program has advanced so much that it is hard to believe that diplomacy alone can resolve the situation.<\/p><p>\r\nEven so, he sees a limited window of opportunity for military action if necessary.\r\n<\/p><p>\r\nIsrael has two major concerns: first, that Iran will drag out the negotiations to buy time; and second, that the US, in its rush to reach an agreement, will make concessions that will result in a bad deal.<\/p><p>\r\nNetanyahu advocates a very strict model, called the &#8220;Libyan model,&#8221; which requires the total destruction of Iran&#8217;s nuclear infrastructure.<\/p><p>\r\nHerzog believes that Iran will never accept this condition, as he has recently stated.\r\n<\/p><p>\r\nThen the question arises: Will the US insist on this model? And if Iran refuses, what happens?\r\n<\/p><p>\r\nWhat is at stake in the negotiations?\r\n<\/p><p>\r\nHerzog believes that Israel needs to agree with the US on some crucial points before talks with Iran:\r\n<\/p><p>\r\nWhat will the negotiations be about? Only nuclear infrastructure or also missiles (which can carry nuclear weapons) and other issues?\r\n<\/p><p>\r\nWhat demands will the US make of Iran, and how much is it willing to give?\r\n<\/p><p>\r\nHow long will the negotiations last, given that Iran may try to stall?\r\n<\/p><p>\r\nIf Iran rejects the deal, would the US support military action? And if so, would it be led by Israel, the US or both?\r\n<\/p><p>\r\nSome people thought Netanyahu seemed surprised during a press conference with President Donald Trump.<\/p><p>\r\nHerzog, however, believes he was already aware of the negotiations, but perhaps did not expect Trump to announce them publicly so quickly.\r\n<\/p><p>\r\n<div class=\"wp-block-image\"><figure><blockquote class=\"twitter-tweet\" data-theme=\"dark\"><p lang=\"pt\" dir=\"ltr\">Ir\u00e3 prop\u00f5e acordo nuclear tempor\u00e1rio em negocia\u00e7\u00f5es com os EUA, dizem fontes<a href=\"https:\/\/twitter.com\/hashtag\/Acordonuclear'src=hash&amp;ref_src=twsrc%5Etfw\">#Acordonuclear<\/a><br><br>O Ir\u00e3 pensa em sugerir um acordo nuclear tempor\u00e1rio antes de buscar um acordo mais completo, segundo um diplomata europeu e outra fonte que conhece o assunto<br>Veja:<a href=\"https:\/\/t.co\/msmJiR4Uzv\">https:\/\/t.co\/msmJiR4Uzv<\/a> <a href=\"https:\/\/t.co\/Q3uRydAxhZ\">pic.twitter.com\/Q3uRydAxhZ<\/a><\/p>&mdash; Israel Agora e Sempre?????? (@AgoraIsrael) <a href=\"https:\/\/twitter.com\/AgoraIsrael\/status\/1910482671202947124?ref_src=twsrc%5Etfw\">April 10, 2025<\/a><\/blockquote> <script async src=\"https:\/\/platform.twitter.com\/widgets.js\" charset=\"utf-8\"><\/script><figcaption>Iran proposes temporary nuclear deal in talks with US: sources\r\n#NuclearDeal\r\n<\/p><p>\r\nIran is considering offering a temporary nuclear deal before seeking a more comprehensive agreement, according to a European diplomat and another source familiar with the matter<\/figcaption><\/figure><\/div><hr>\r\n<\/p><p>\r\nTrump&#8217;s rush:\r\n<\/p><p>\r\nTrump surprised everyone by saying he wants to conclude negotiations with Iran in just two months.<\/p><p>\r\nFor Herzog, this shows that the US will not let Iran drag out the talks for too long.<\/p><p>\r\nStill, two months is a short time frame for such a complicated agreement, as negotiations like this usually take longer.\r\n<\/p><p>\r\nHerzog warns that Iran&#8217;s nuclear program is at a dangerous stage.<\/p><p>\r\nToday, it would take Iran less than a week to produce enough material for a nuclear bomb &#8211; the so-called &#8220;breakthrough time&#8221;.<\/p><p>\r\nIn addition, the country has enough enriched uranium to make 17 nuclear warheads.<\/p><p>\r\n&#8220;That&#8217;s a lot,&#8221; he emphasized.\r\n<\/p><p>\r\nWith Iran weakened at the moment, Herzog sees a unique opportunity to act, but it will not last forever.<\/p><p>\r\nIran can recover, strengthen its defenses and further protect its nuclear program.<\/p><p>\r\nHe also noted that a clause in the 2015 nuclear agreement that allows for the automatic return of international sanctions expires in October.<\/p><p>\r\nFor this reason, the next few months are decisive.\r\n<\/p><p>\r\n<b>The issue of trade tariffs<\/b>\r\n<\/p><p>\r\nAnother topic discussed between Netanyahu and Trump was tariff policy.<\/p><p>\r\nTrump temporarily froze tariffs above 10% for three months, but did not promise to reduce the 17% tariff on Israeli products.<\/p><p>\r\nEven so, Herzog said that the visit opened a channel for dialogue to try to lower these rates.<\/p><p>\r\nHe explained that the issue of tariffs did not catch Israel by surprise, since Trump had already talked about it during the campaign.<\/p><p>\r\nMonths ago, Herzog and other diplomats had already warned the Israeli government to prepare.\r\n<\/p><p>\r\nIn addition to the economy, the visit had an important diplomatic side.<\/p><p>\r\nFor Netanyahu, it was a chance to show that he was the first leader to discuss tariffs with Trump in the White House.<\/p><p>\r\nFor Trump, receiving Israel, a close ally, strengthened his image.\r\n<\/p><p>\r\nThe war in Gaza:\r\n<\/p><p>\r\nThe third topic discussed was the situation in Gaza.<\/p><p>\r\nHerzog revealed that Israel and the US are working on a possible temporary deal, something between &#8220;Phase A&#8221; (which has already happened) and &#8220;Phase B&#8221; (which would mean an end to the war, something Israel wants to avoid for now).<\/p><p>\r\nSuch a deal could allow for the release of more hostages.<\/p><p>\r\nThere are currently three proposed hostage deals: one from Egypt, one from Hamas, and another called Vitec.<\/p><p>\r\nA temporary deal would postpone the decision on whether to prioritize the release of the hostages or to overthrow Hamas.<\/p><p>\r\nHerzog believes that the release of the hostages should come first and believes that Trump wants to move forward with a deal.<\/p><p>\r\nFor now, Trump is giving Israel free rein, but he has already shown that he would like to see the war end.<\/p><p>\r\nHerzog would not be surprised if Trump eventually pressures Netanyahu to accept a full deal for the hostages and end the conflict.<\/p><p>\r\n&#8220;I don&#8217;t think Trump will let the war in Gaza go on forever, both because of the hostages and because he wants to focus on other priorities,&#8221; he said.<\/p><p><\/p><p>\r\n<b>Concerns about Turkey in Syria<\/b>\r\n<\/p><p>\r\nThe fourth issue was Turkey&#8217;s presence in Syria, which worries Israel.<\/p><p>\r\nTurkey, which has become increasingly hostile to Israel, is expanding its military influence in Syria.<\/p><p>\r\nThis could limit Israel&#8217;s freedom of action in the region and even affect military options regarding Iran.\r\n<\/p><p>\r\nTrump has offered to use his relationship with Turkish President Recep Tayyip Erdogan to mediate between Israel and Turkey, but Herzog is not very confident in this idea.<\/p><p>\r\nHe would prefer that Israel and Turkey talk directly about the issue.\r\n<\/p><p>\r\nConclusion:\r\n<\/p><p>\r\nNetanyahu&#8217;s visit to the US was much more than a simple meeting.<\/p><p>\r\nThe main focus was the danger of Iran&#8217;s nuclear program, but other issues, such as tariffs, Gaza and Turkey, were also on the table.<\/p><p>\r\nWith Iran rapidly advancing its nuclear program and time running out, the decisions made in the coming months will be crucial for the security of Israel and the region.<\/p><p><\/p><p>\r\n<hr>\r\n\r\n<p style=\"text-align:right\"><em>Published in 04\/11\/2025 11h10<\/em><\/p>\r\n<hr>\r\n<p style=\"text-align:right\"><em><a href=\"https:\/\/israelagora.com.br\/?page_id=17376\">Portuguese version<\/a><\/em><\/p>\r\n<hr>\r\n\r\n\t\t<p>Text adapted by AI (Grok) and translated via Google API in the English version. Images from public image libraries or credits in the caption.<\/p>\r\n\t\t<hr>\r\n\t\t<p>Reference article:<\/p>\r\n\t\t\r\n\t\t\r\n\r\n\r\n<ul class=\"wp-block-list\"><li><a href=\"https:\/\/www.jpost.com\/israel-news\/article-849828\" target=\"_blank\">https:\/\/www.jpost.com\/israel-news\/article-849828<\/a><\/li><\/ul>\r\n\r\n\r\n\r\n\r\n<hr class=\"wp-block-separator is-style-wide\"\/>\r\n\r\n<div style=\"position: buttonline;\"><iframe loading=\"lazy\" src=\"https:\/\/vendedoradesonhos.com.br\/rodape_sites.php?arg=38598\" frameborder=\"0\" height=\"420px\" width=\"100%\"><\/iframe><\/div>\r\n<div style=\"position: buttonline;\"><iframe loading=\"lazy\" src=\"https:\/\/vendedoradesonhos.com.br\/comentario_navegacao.php?arg=38598\" frameborder=\"0\" height=\"500px\" width=\"100%\"><\/iframe><\/div>\r\n<div style=\"position:absolute; width:40%; height:70px; top:-70px; left:0px;\"><iframe loading=\"lazy\" src=\"https:\/\/vendedoradesonhos.com.br\/oferta_site_esq.php?arg=38598\" frameborder=\"0\" height=\"100%\" width=\"100%\"><\/iframe><\/div>\r\n<div style=\"position:absolute; width:40%; height:70px; top:-70px; right:0px;\"><iframe loading=\"lazy\" src=\"https:\/\/vendedoradesonhos.com.br\/oferta_site_dir.php?arg=38598\" frameborder=\"0\" height=\"100%;\" width=\"100%\"><\/iframe><\/div>\r\n<a href=\"https:\/\/jagsystem.com\">\r\n<div style=\"position:absolute; height:200px; width:94%; left:3%; text-align:center; border-color: white; border-radius: 5px; border-style: solid;\">\r\n<table width=\"100%\" align=\"center\"><tr><td width=\"30%\" align=\"right\">Geoprocessing<br>Drone Systems<br>HPC<\/td><td width=\"30%\">\r\n<img decoding=\"async\" src=\"https:\/\/vendedoradesonhos.com.br\/wp-content\/uploads\/2022\/10\/logo_branco_jag6.png\" vspace=\"20\" width=\"250\" border=\"0\">\r\n<\/td><td width=\"30%\" align=\"left\">ERP and CRM Systems<br>Mobile Systems<br>AI<\/td><\/tr><\/table>\r\n<\/div>\r\n<\/a><br><br><br><br>","protected":false},"excerpt":{"rendered":"","protected":false},"author":1,"featured_media":0,"parent":49,"menu_order":0,"comment_status":"closed","ping_status":"closed","template":"","meta":{"footnotes":""},"class_list":["post-1521","page","type-page","status-publish","hentry"],"_links":{"self":[{"href":"https:\/\/israelagora.com.br\/en\/index.php?rest_route=\/wp\/v2\/pages\/1521","targetHints":{"allow":["GET"]}}],"collection":[{"href":"https:\/\/israelagora.com.br\/en\/index.php?rest_route=\/wp\/v2\/pages"}],"about":[{"href":"https:\/\/israelagora.com.br\/en\/index.php?rest_route=\/wp\/v2\/types\/page"}],"author":[{"embeddable":true,"href":"https:\/\/israelagora.com.br\/en\/index.php?rest_route=\/wp\/v2\/users\/1"}],"replies":[{"embeddable":true,"href":"https:\/\/israelagora.com.br\/en\/index.php?rest_route=%2Fwp%2Fv2%2Fcomments&post=1521"}],"version-history":[{"count":0,"href":"https:\/\/israelagora.com.br\/en\/index.php?rest_route=\/wp\/v2\/pages\/1521\/revisions"}],"up":[{"embeddable":true,"href":"https:\/\/israelagora.com.br\/en\/index.php?rest_route=\/wp\/v2\/pages\/49"}],"wp:attachment":[{"href":"https:\/\/israelagora.com.br\/en\/index.php?rest_route=%2Fwp%2Fv2%2Fmedia&parent=1521"}],"curies":[{"name":"wp","href":"https:\/\/api.w.org\/{rel}","templated":true}]}}