{"id":1738,"date":"2025-05-20T19:06:51","date_gmt":"2025-05-20T19:06:51","guid":{"rendered":"http:\/\/jagsystem.com\/"},"modified":"2025-05-20T19:06:51","modified_gmt":"2025-05-20T19:06:51","slug":"marco-rubio-alerta-que-a-siria-pode-estar-a-semanas-de-um-colapso-e-guerra-civil","status":"publish","type":"page","link":"https:\/\/israelagora.com.br\/en\/?page_id=1738","title":{"rendered":"Marco rubio warns syria could be weeks away from collapse and civil war"},"content":{"rendered":"<div class=\"wp-block-image\"><figure><img decoding=\"async\" src=\"https:\/\/vendedoradesonhos.com.br\/upload\/1\/sites\/img_39060_1200.jpg\" alt=\"\" style=\"width:100%\"><figcaption>Marco Rubio<\/figcaption><\/figure><\/div><hr><\/p><p>\r\n\t<a href='https:\/\/israelisreal.co\"s=rubio'>#Rubio<\/a>\u00a0<\/p><p><\/p><p>\r\n\t<strong>US Secretary of State Marco Rubio has told lawmakers that Syria&#8217;s transitional government is very fragile and could soon collapse, which could lead to a full-scale civil war and even division of the country<\/strong><\/p><p>Rubio spoke to the Senate Foreign Relations Committee on Tuesday and warned that Syria is &#8220;weeks&#8221; away from a possible civil war.<\/p><p>\r\nHe explained that given the enormous challenges facing the new Syrian government, the country is &#8220;maybe weeks, not months, away from collapse, with a civil war of epic proportions,&#8221; which could result in the division of the Syrian territory.\r\n<\/p><p>\r\nRubio also noted that officials in Syria&#8217;s transitional government &#8220;have failed a background check,&#8221; suggesting concerns about their legitimacy or capabilities.\r\n<\/p><p>\r\nHe said that if the United States had not engaged in Syria, &#8220;failure would have been guaranteed.&#8221;\r\n<\/p><p>\r\n<div class=\"wp-block-image\"><figure><blockquote class=\"twitter-tweet\" data-theme=\"dark\"><p lang=\"en\" dir=\"ltr\">JUST IN &#8220;<br><br>Rubio warns Syria is &#8220;maybe weeks? away from a &#8220;full-scale civil war of epic proportions.&#8221; <a href=\"https:\/\/t.co\/dEhhP0YFK9\">pic.twitter.com\/dEhhP0YFK9<\/a><\/p>? Open Source Intel (@Osint613) <a href=\"https:\/\/twitter.com\/Osint613\/status\/1924846356440523181\"ref_src=twsrc%5Etfw\">May 20, 2025<\/a><\/blockquote> <script async src=\"https:\/\/platform.twitter.com\/widgets.js\" charset=\"utf-8\"><\/script><figcaption>\u00daLTIMAS NOT\u00cdCIAS: Rubio alerta que a S\u00edria est\u00e1 a <\/figcaption><\/figure><\/div><hr><\/p><p><\/p><p>\r\nLast week, in a historic shift in American foreign policy, US President Donald Trump announced that the United States would lift sanctions on Syria.<\/p><p>\r\nHe said: &#8220;Syria has suffered too much through tragedy, war and death over many years.\r\n<\/p><p>\r\nAs such, my administration has taken the first steps to normalize relations between the United States and Syria for the first time in more than a decade.&#8221; Trump added: &#8220;Sanctions were tough and played a role at the time, but now is Syria&#8217;s time to shine.<\/p><p>\r\nI wish Syria the best of luck.<\/p><p>\r\nShow something special.&#8221; \r\n<\/p><p>\r\nHe concluded by saying: &#8220;We hope they can stabilize the country and keep the peace.&#8221;<hr>\r\n\r\n<p style=\"text-align:right\"><em>Published in 05\/20\/2025 19h06<\/em><\/p>\r\n<hr>\r\n<p style=\"text-align:right\"><em><a href=\"https:\/\/israelagora.com.br\/?page_id=17597\">Portuguese version<\/a><\/em><\/p>\r\n<hr>\r\n\r\n\t\t<p>Text adapted by AI (Grok) and translated via Google API in the English version. Images from public image libraries or credits in the caption.<\/p>\r\n\t\t<hr>\r\n\t\t<p>Reference article:<\/p>\r\n\t\t\r\n\t\t\r\n\r\n\r\n<ul class=\"wp-block-list\"><li><a href=\"https:\/\/www.israelnationalnews.com\/news\/408679\" target=\"_blank\">https:\/\/www.israelnationalnews.com\/news\/408679<\/a><\/li><\/ul>\r\n\r\n\r\n\r\n\r\n<hr class=\"wp-block-separator is-style-wide\"\/>\r\n\r\n<div style=\"position: buttonline;\"><iframe loading=\"lazy\" src=\"https:\/\/vendedoradesonhos.com.br\/rodape_sites.php?arg=39060\" frameborder=\"0\" height=\"420px\" width=\"100%\"><\/iframe><\/div>\r\n<div style=\"position: buttonline;\"><iframe loading=\"lazy\" src=\"https:\/\/vendedoradesonhos.com.br\/comentario_navegacao.php?arg=39060\" frameborder=\"0\" height=\"500px\" width=\"100%\"><\/iframe><\/div>\r\n<div style=\"position:absolute; width:40%; height:70px; top:-70px; left:0px;\"><iframe loading=\"lazy\" src=\"https:\/\/vendedoradesonhos.com.br\/oferta_site_esq.php?arg=39060\" frameborder=\"0\" height=\"100%\" width=\"100%\"><\/iframe><\/div>\r\n<div style=\"position:absolute; width:40%; height:70px; top:-70px; right:0px;\"><iframe loading=\"lazy\" src=\"https:\/\/vendedoradesonhos.com.br\/oferta_site_dir.php?arg=39060\" frameborder=\"0\" height=\"100%;\" width=\"100%\"><\/iframe><\/div>\r\n<a href=\"https:\/\/jagsystem.com\">\r\n<div style=\"position:absolute; height:200px; width:94%; left:3%; text-align:center; border-color: white; border-radius: 5px; border-style: solid;\">\r\n<table width=\"100%\" align=\"center\"><tr><td width=\"30%\" align=\"right\">Geoprocessing<br>Drone Systems<br>HPC<\/td><td width=\"30%\">\r\n<img decoding=\"async\" src=\"https:\/\/vendedoradesonhos.com.br\/wp-content\/uploads\/2022\/10\/logo_branco_jag6.png\" vspace=\"20\" width=\"250\" border=\"0\">\r\n<\/td><td width=\"30%\" align=\"left\">ERP and CRM Systems<br>Mobile Systems<br>AI<\/td><\/tr><\/table>\r\n<\/div>\r\n<\/a><br><br><br><br>","protected":false},"excerpt":{"rendered":"","protected":false},"author":1,"featured_media":0,"parent":169,"menu_order":0,"comment_status":"closed","ping_status":"closed","template":"","meta":{"footnotes":""},"class_list":["post-1738","page","type-page","status-publish","hentry"],"_links":{"self":[{"href":"https:\/\/israelagora.com.br\/en\/index.php?rest_route=\/wp\/v2\/pages\/1738","targetHints":{"allow":["GET"]}}],"collection":[{"href":"https:\/\/israelagora.com.br\/en\/index.php?rest_route=\/wp\/v2\/pages"}],"about":[{"href":"https:\/\/israelagora.com.br\/en\/index.php?rest_route=\/wp\/v2\/types\/page"}],"author":[{"embeddable":true,"href":"https:\/\/israelagora.com.br\/en\/index.php?rest_route=\/wp\/v2\/users\/1"}],"replies":[{"embeddable":true,"href":"https:\/\/israelagora.com.br\/en\/index.php?rest_route=%2Fwp%2Fv2%2Fcomments&post=1738"}],"version-history":[{"count":0,"href":"https:\/\/israelagora.com.br\/en\/index.php?rest_route=\/wp\/v2\/pages\/1738\/revisions"}],"up":[{"embeddable":true,"href":"https:\/\/israelagora.com.br\/en\/index.php?rest_route=\/wp\/v2\/pages\/169"}],"wp:attachment":[{"href":"https:\/\/israelagora.com.br\/en\/index.php?rest_route=%2Fwp%2Fv2%2Fmedia&parent=1738"}],"curies":[{"name":"wp","href":"https:\/\/api.w.org\/{rel}","templated":true}]}}