{"id":2088,"date":"2025-07-16T10:43:07","date_gmt":"2025-07-16T10:43:07","guid":{"rendered":"http:\/\/jagsystem.com\/"},"modified":"2025-07-16T10:43:07","modified_gmt":"2025-07-16T10:43:07","slug":"ataques-capturados-ao-vivo-|-ministro-da-defesa-comecaram-os-golpes-dolorosos","status":"publish","type":"page","link":"https:\/\/israelagora.com.br\/en\/?page_id=2088","title":{"rendered":"Attacks captured live | defense minister: the painful blows have begun"},"content":{"rendered":"<div class=\"wp-block-image\"><figure><img decoding=\"async\" src=\"https:\/\/vendedoradesonhos.com.br\/img\/sites\/img_ataque_ao_vivo_siria.jpg\" alt=\"\" style=\"width:100%\"><figcaption>Moments after Minister of Defense Katz warned of &#8216;painful blows&#8217; to the Syrian regime, a live news broadcast captured the moment of an airstrike behind its studio. <\/figcaption><\/figure><\/div><hr><\/p><p>\r\n\t<a href='https:\/\/israelisreal.co\"s=syria'>#Syria<\/a>\u00c2\u00a0<\/p><p><\/p><p>\r\n\t<strong>During a news broadcast in Syria, an explosion caused by an Israeli airstrike hit a building near the station<\/strong><\/p><p> The impact startled the presenter, who panicked and left the studio.\r\n<\/p><p>\r\nMoments earlier, Israeli Defense Minister Israel Katz declared: &#8220;The warnings to Damascus are over.<\/p><p>\r\nNow we will begin with strong strikes.<\/p><p>\r\nThe Israeli army will act resolutely in Sweida to destroy the forces that attacked the Druze until they withdraw completely.<\/p><p>\r\nTo our Druze brothers in Israel, you can trust the Israel Defense Forces to protect your brothers in Syria.<\/p><p>\r\nPrime Minister Netanyahu and I, as Defense Minister, made a promise-and we will keep it.&#8221;\r\n<\/p><p>\r\nOn Wednesday, the Israel Defense Forces (IDF) carried out strikes against the Syrian regime headquarters and the presidential palace in Damascus.\r\n<\/p><p>\r\n<div class=\"wp-block-image\"><figure><blockquote class=\"twitter-tweet\" data-theme=\"dark\"><p lang=\"pt\" dir=\"ltr\">Strike israelense no Minist\u00c3\u00a9rio da Defesa da S\u00c3\u00adria; <a href=\"https:\/\/t.co\/5zZwaHSQrm\">pic.twitter.com\/5zZwaHSQrm<\/a><\/p>? Israel Agora e Sempre&#8221;&#8221;&#8221;&#8221;&#8221;&#8221;&#8221;&#8221;? (@AgoraIsrael) <a href=\"https:\/\/twitter.com\/AgoraIsrael\/status\/1945470644948234447\"ref_src=twsrc%5Etfw\">July 16, 2025<\/a><\/blockquote> <script async src=\"https:\/\/platform.twitter.com\/widgets.js\" charset=\"utf-8\"><\/script><figcaption><\/figcaption><\/figure><\/div><hr><\/p><p><div class=\"wp-block-image\"><figure><blockquote class=\"twitter-tweet\" data-theme=\"dark\"><p lang=\"pt\" dir=\"ltr\">? \u00c3\u0161LTIMAS NOT\u00c3\u008dCIAS:<br><br>A For\u00c3\u00a7a A\u00c3\u00a9rea Israelense lan\u00c3\u00a7a grandes ataques a\u00c3\u00a9reos contra Damasco, atingindo o Pal\u00c3\u00a1cio Presidencial e o Quartel-General do Estado-Maior S\u00c3\u00adrio.<br><br>Os drusos est\u00c3\u00a3o sendo atacados por militares s\u00c3\u00adrios, o ataque israelense seria uma retalia\u00c3\u00a7\u00c3\u00a3o. <a href=\"https:\/\/t.co\/3IL4oI9bxB\">pic.twitter.com\/3IL4oI9bxB<\/a><\/p>? Andrea Orsi &#8220;&#8221;&#8221;? (@andreaorsibr) <a href=\"https:\/\/twitter.com\/andreaorsibr\/status\/1945472710705901654\"ref_src=twsrc%5Etfw\">July 16, 2025<\/a><\/blockquote> <script async src=\"https:\/\/platform.twitter.com\/widgets.js\" charset=\"utf-8\"><\/script><figcaption><\/figcaption><\/figure><\/div><hr><\/p><p><div class=\"wp-block-image\"><figure><blockquote class=\"twitter-tweet\" data-theme=\"dark\"><p lang=\"pt\" dir=\"ltr\">As IDF atacaram o quartel-general do regime s\u00c3\u00adrio na \u00c3\u00a1rea de Damasco, na S\u00c3\u00adria.<br>Dali os comandantes do regime s\u00c3\u00adrio est\u00c3\u00a3o comandando os combates e enviando for\u00c3\u00a7as do regime para a \u00c3\u00a1rea de As-Suwayda.<br>Imagens captadas por drone pelas IDF: <a href=\"https:\/\/t.co\/CZFSsShbjJ\">pic.twitter.com\/CZFSsShbjJ<\/a><\/p>? Israel Agora e Sempre&#8221;&#8221;&#8221;&#8221;&#8221;&#8221;&#8221;&#8221;? (@AgoraIsrael) <a href=\"https:\/\/twitter.com\/AgoraIsrael\/status\/1945478095147847949\"ref_src=twsrc%5Etfw\">July 16, 2025<\/a><\/blockquote> <script async src=\"https:\/\/platform.twitter.com\/widgets.js\" charset=\"utf-8\"><\/script><figcaption><\/figcaption><\/figure><\/div><hr><\/p><p>The Israeli military confirmed: &#8220;Recently, the IDF attacked the entrance to the Syrian regime&#8217;s military headquarters in the Damascus region of Syria.&#8221;\r\n<\/p><p>\r\nThe IDF also reported that it continues to monitor the situation and the Syrian regime&#8217;s actions against Druze civilians in southern Syria.<\/p><p>\r\nFollowing government orders, the army is attacking the region and remains prepared for various scenarios.\r\n<\/p><p>\r\nIn recent days, tensions with Syria have increased due to the massacre of Druze civilians in the south of the country by the Syrian army.<hr>\r\n\r\n<p style=\"text-align:right\"><em>Published in 07\/16\/2025 10h43<\/em><\/p>\r\n<hr>\r\n<p style=\"text-align:right\"><em><a href=\"https:\/\/israelagora.com.br\/?page_id=17951\">Portuguese version<\/a><\/em><\/p>\r\n<hr>\r\n\r\n\t\t<p>Text adapted by AI (Grok) and translated via Google API in the English version. Images from public image libraries or credits in the caption.<\/p>\r\n\t\t<hr>\r\n\t\t<p>Reference article:<\/p>\r\n\t\t\r\n\t\t\r\n\r\n\r\n<ul class=\"wp-block-list\"><li><a href=\"https:\/\/www.israelnationalnews.com\/news\/411761\" target=\"_blank\">https:\/\/www.israelnationalnews.com\/news\/411761<\/a><\/li><\/ul>\r\n\r\n\r\n\r\n\r\n<hr class=\"wp-block-separator is-style-wide\"\/>\r\n\r\n<div style=\"position: buttonline;\"><iframe loading=\"lazy\" src=\"https:\/\/vendedoradesonhos.com.br\/rodape_sites.php?arg=39710\" frameborder=\"0\" height=\"420px\" width=\"100%\"><\/iframe><\/div>\r\n<div style=\"position: buttonline;\"><iframe loading=\"lazy\" src=\"https:\/\/vendedoradesonhos.com.br\/comentario_navegacao.php?arg=39710\" frameborder=\"0\" height=\"500px\" width=\"100%\"><\/iframe><\/div>\r\n<div style=\"position:absolute; width:40%; height:70px; top:-70px; left:0px;\"><iframe loading=\"lazy\" src=\"https:\/\/vendedoradesonhos.com.br\/oferta_site_esq.php?arg=39710\" frameborder=\"0\" height=\"100%\" width=\"100%\"><\/iframe><\/div>\r\n<div style=\"position:absolute; width:40%; height:70px; top:-70px; right:0px;\"><iframe loading=\"lazy\" src=\"https:\/\/vendedoradesonhos.com.br\/oferta_site_dir.php?arg=39710\" frameborder=\"0\" height=\"100%;\" width=\"100%\"><\/iframe><\/div>\r\n<a href=\"https:\/\/jagsystem.com\">\r\n<div style=\"position:absolute; height:200px; width:94%; left:3%; text-align:center; border-color: white; border-radius: 5px; border-style: solid;\">\r\n<table width=\"100%\" align=\"center\"><tr><td width=\"30%\" align=\"right\">Geoprocessing<br>Drone Systems<br>HPC<\/td><td width=\"30%\">\r\n<img decoding=\"async\" src=\"https:\/\/vendedoradesonhos.com.br\/wp-content\/uploads\/2022\/10\/logo_branco_jag6.png\" vspace=\"20\" width=\"250\" border=\"0\">\r\n<\/td><td width=\"30%\" align=\"left\">ERP and CRM Systems<br>Mobile Systems<br>AI<\/td><\/tr><\/table>\r\n<\/div>\r\n<\/a><br><br><br><br>","protected":false},"excerpt":{"rendered":"","protected":false},"author":1,"featured_media":0,"parent":169,"menu_order":0,"comment_status":"closed","ping_status":"closed","template":"","meta":{"footnotes":""},"class_list":["post-2088","page","type-page","status-publish","hentry"],"_links":{"self":[{"href":"https:\/\/israelagora.com.br\/en\/index.php?rest_route=\/wp\/v2\/pages\/2088","targetHints":{"allow":["GET"]}}],"collection":[{"href":"https:\/\/israelagora.com.br\/en\/index.php?rest_route=\/wp\/v2\/pages"}],"about":[{"href":"https:\/\/israelagora.com.br\/en\/index.php?rest_route=\/wp\/v2\/types\/page"}],"author":[{"embeddable":true,"href":"https:\/\/israelagora.com.br\/en\/index.php?rest_route=\/wp\/v2\/users\/1"}],"replies":[{"embeddable":true,"href":"https:\/\/israelagora.com.br\/en\/index.php?rest_route=%2Fwp%2Fv2%2Fcomments&post=2088"}],"version-history":[{"count":0,"href":"https:\/\/israelagora.com.br\/en\/index.php?rest_route=\/wp\/v2\/pages\/2088\/revisions"}],"up":[{"embeddable":true,"href":"https:\/\/israelagora.com.br\/en\/index.php?rest_route=\/wp\/v2\/pages\/169"}],"wp:attachment":[{"href":"https:\/\/israelagora.com.br\/en\/index.php?rest_route=%2Fwp%2Fv2%2Fmedia&parent=2088"}],"curies":[{"name":"wp","href":"https:\/\/api.w.org\/{rel}","templated":true}]}}