{"id":2799,"date":"2026-03-02T09:11:58","date_gmt":"2026-03-02T09:11:58","guid":{"rendered":"https:\/\/israelagora.com.br\/en\/?page_id=2799"},"modified":"2026-03-02T09:11:58","modified_gmt":"2026-03-02T09:11:58","slug":"exercito-de-israel-ataca-alvos-do-hezbollah-proximo-a-beirute-apos-foguetes-lancados-do-libano","status":"publish","type":"page","link":"https:\/\/israelagora.com.br\/en\/?page_id=2799","title":{"rendered":"Israeli army attacks hezbollah targets near beirut after rockets launched from lebanon"},"content":{"rendered":"<div class=\"wp-block-image\"><figure><img decoding=\"async\" src=\"https:\/\/vendedoradesonhos.com.br\/upload\/1\/sites\/26\/img_41757_1200.jpg\" alt=\"\" style=\"width:100%\"><figcaption>Israeli Air Force F-16I fighter jets. Credit: Maj. Ofer via Wikimedia Commons.<\/figcaption><\/figure><\/div><hr><\/p><p>\r\n\t<a href='http:\/\/israelagora.com.br\/en\"s=hezbollah'>#Hezbollah<\/a><\/p><p><\/p><p>\r\n\t<strong>On Sunday night into Monday morning, the Israel Defense Forces (IDF) carried out airstrikes against key Hezbollah members in the Beirut area, the capital of Lebanon<\/strong><\/p><p> The action came in direct response to the launch of several rockets by the Iranian-backed terrorist group towards Israeli territory.\r\n<\/p><p>\r\nAccording to information released by the Israeli army itself, some projectiles were fired from Lebanon during the early morning hours.<\/p><p>\r\nAt least one of them was successfully intercepted by the Israeli Air Force, while the others fell in open areas, causing no casualties or significant damage.\r\n<\/p><p>\r\nIn immediate reaction, the Chief of Staff of the Israeli Armed Forces, Lieutenant General Eyal Zamir, conducted a situation assessment with the general command and ordered troops to prepare for continuous offensive and defensive operations.<\/p><p>\r\nHe stated that Hezbollah had launched a campaign against Israel that night and that the group was entirely responsible for any escalation in the conflict.\r\n<\/p><p>\r\n<div class=\"wp-block-image\"><figure><blockquote class=\"twitter-tweet\" data-media-max-width=\"560\"><p lang=\"pt\" dir=\"ltr\">O Hezbollah est\u00c3\u00a1 realizando lan\u00c3\u00a7amentos contra Israel <a href=\"https:\/\/t.co\/gDfog7jRgU\">pic.twitter.com\/gDfog7jRgU<\/a><\/p>? Israel Agora e Sempre&#8221;&#8221;&#8221;&#8221;&#8221;? (@AgoraIsrael) <a href=\"https:\/\/twitter.com\/AgoraIsrael\/status\/2028260532545823181\"ref_src=twsrc%5Etfw\">March 2, 2026<\/a><\/blockquote> <script async src=\"https:\/\/platform.twitter.com\/widgets.js\" charset=\"utf-8\"><\/script> <figcaption>Hezbollah is conducting air strikes against Israel.<\/figcaption><\/figure><\/div><hr><\/p><p><div class=\"wp-block-image\"><figure><blockquote class=\"twitter-tweet\" data-media-max-width=\"560\"><p lang=\"pt\" dir=\"ltr\">\u00c3\u0161LTIMA HORA: O Hezbollah est\u00c3\u00a1 sendo dizimado por Israel agora. <a href=\"https:\/\/t.co\/mmGQRwkvtL\">pic.twitter.com\/mmGQRwkvtL<\/a><\/p>? Andrea Orsi? Bee Queen &#8220;&#8221;&#8221;&#8221;&#8221;? (@andreaorsibr) <a href=\"https:\/\/twitter.com\/andreaorsibr\/status\/2028277432755577128\"ref_src=twsrc%5Etfw\">March 2, 2026<\/a><\/blockquote> <script async src=\"https:\/\/platform.twitter.com\/widgets.js\" charset=\"utf-8\"><\/script> <figcaption>Hezbollah is being decimated by Israel right now.<\/figcaption><\/figure><\/div><hr><\/p><p>Zamir emphasized that Israeli forces were prepared for this type of scenario as part of regular Operation &#8220;Roaring Lion&#8221; training exercises.<\/p><p>\r\nHe made it clear that any threat to Israel&#8217;s security or the population of northern Israel would have a high cost for those responsible, stating that the army would not allow the Israeli people or the northern border to be harmed.\r\n<\/p><p>\r\nThe IDF reinforced that Hezbollah acts on behalf of the Iranian regime and that, by deciding to enter the war, the group has attracted a strong response.<\/p><p>\r\nThe Israeli military further warned that the terrorist organization is leading Lebanon to ruin with its actions, and that Israel will respond firmly to any initiative in this regard.\r\n<\/p><p>\r\nThis episode marks a significant escalation in tensions between Israel and Hezbollah, reigniting confrontations after a period of relative calm on the northern border.<hr>\r\n\r\n<p style=\"text-align:right\"><em>Published in 03\/02\/2026 09h11<\/em><\/p>\r\n<hr>\r\n<p style=\"text-align:right\"><em><a href=\"https:\/\/israelagora.com.br\/?page_id=18674\">Portuguese version<\/a><\/em><\/p>\r\n<hr>\r\n\r\n\t\t<p>Text adapted by AI (Grok) and translated via Google API in the English version. Images from public image libraries or credits in the caption.<\/p>\r\n\t\t<hr>\r\n\t\t<p>Reference article:<\/p>\r\n\t\t\r\n\t\t\r\n\r\n\r\n<ul class=\"wp-block-list\"><li><a href=\"https:\/\/www.jns.org\/idf-strikes-hezbollah-terrorists-near-beirut-after-rocket-fire-from-lebanon\/\" target=\"_blank\">https:\/\/www.jns.org\/idf-strikes-hezbollah-terrorists-near-beirut-after-rocket-fire-from-lebanon\/<\/a><\/li><\/ul>\r\n\r\n\r\n\r\n\r\n<hr class=\"wp-block-separator is-style-wide\"\/>\r\n\r\n<div style=\"position: buttonline;\"><iframe loading=\"lazy\" src=\"https:\/\/vendedoradesonhos.com.br\/rodape_sites.php?arg=41757\" frameborder=\"0\" height=\"420px\" width=\"100%\"><\/iframe><\/div>\r\n<div style=\"position: buttonline;\"><iframe loading=\"lazy\" src=\"https:\/\/vendedoradesonhos.com.br\/comentario_navegacao.php?arg=41757\" frameborder=\"0\" height=\"500px\" width=\"100%\"><\/iframe><\/div>\r\n<div style=\"position:absolute; width:40%; height:70px; top:-70px; left:0px;\"><iframe loading=\"lazy\" src=\"https:\/\/vendedoradesonhos.com.br\/oferta_site_esq.php?arg=41757\" frameborder=\"0\" height=\"100%\" width=\"100%\"><\/iframe><\/div>\r\n<div style=\"position:absolute; width:40%; height:70px; top:-70px; right:0px;\"><iframe loading=\"lazy\" src=\"https:\/\/vendedoradesonhos.com.br\/oferta_site_dir.php?arg=41757\" frameborder=\"0\" height=\"100%;\" width=\"100%\"><\/iframe><\/div>\r\n\r\n\r\n<div class=\"wp-block-image\"><figure><iframe loading=\"lazy\" src=\"https:\/\/vendedoradesonhos.com.br\/oferta_site_centralus.php\" width=\"100%\" height=\"330\" frameborder=\"0\"><\/iframe><figcaption>{teste}<\/figcaption><\/figure><\/div><hr>","protected":false},"excerpt":{"rendered":"","protected":false},"author":1,"featured_media":0,"parent":10,"menu_order":0,"comment_status":"closed","ping_status":"closed","template":"","meta":{"footnotes":""},"class_list":["post-2799","page","type-page","status-publish","hentry"],"_links":{"self":[{"href":"https:\/\/israelagora.com.br\/en\/index.php?rest_route=\/wp\/v2\/pages\/2799","targetHints":{"allow":["GET"]}}],"collection":[{"href":"https:\/\/israelagora.com.br\/en\/index.php?rest_route=\/wp\/v2\/pages"}],"about":[{"href":"https:\/\/israelagora.com.br\/en\/index.php?rest_route=\/wp\/v2\/types\/page"}],"author":[{"embeddable":true,"href":"https:\/\/israelagora.com.br\/en\/index.php?rest_route=\/wp\/v2\/users\/1"}],"replies":[{"embeddable":true,"href":"https:\/\/israelagora.com.br\/en\/index.php?rest_route=%2Fwp%2Fv2%2Fcomments&post=2799"}],"version-history":[{"count":0,"href":"https:\/\/israelagora.com.br\/en\/index.php?rest_route=\/wp\/v2\/pages\/2799\/revisions"}],"up":[{"embeddable":true,"href":"https:\/\/israelagora.com.br\/en\/index.php?rest_route=\/wp\/v2\/pages\/10"}],"wp:attachment":[{"href":"https:\/\/israelagora.com.br\/en\/index.php?rest_route=%2Fwp%2Fv2%2Fmedia&parent=2799"}],"curies":[{"name":"wp","href":"https:\/\/api.w.org\/{rel}","templated":true}]}}