{"id":2814,"date":"2026-03-10T06:27:50","date_gmt":"2024-01-01T00:00:00","guid":{"rendered":"https:\/\/israelisreal.co\/?page_id=2814"},"modified":"2024-01-01T00:00:00","modified_gmt":"2024-01-01T00:00:00","slug":"o-decimo-dia-da-guerra-com-ira","status":"publish","type":"page","link":"https:\/\/israelagora.com.br\/en\/?page_id=2814","title":{"rendered":"The tenth day of the war with iran"},"content":{"rendered":"<div class=\"wp-block-image\"><figure><img decoding=\"async\" src=\"https:\/\/vendedoradesonhos.com.br\/upload\/1\/sites\/26\/img_41785_1200.jpg\" alt=\"\" style=\"width:100%\"><figcaption>Piloto da For\u00e7a A\u00e9rea Israelense decola para atacar o Ir\u00e3 &#8211; Unidade de Porta-Vozes das For\u00e7as de Defesa de Israel<\/figcaption><\/figure><\/div><hr><\/p><p>\r\n\t<a href=''https:\/\/iustitia.com.br\"s=ir\u00e3''>#Ir\u00e3<\/a>\u00a0<\/p><p><\/p><p>\r\n\t<!-- audio --><\/p><p>\r\n<button onclick=\"this.nextElementSibling.play()\" style=\"padding:12px 25px; font-size:18px; border:none; border-radius:8px; cursor:pointer;\">Ouvir<\/button><audio src=\"https:\/\/vendedoradesonhos.com.br\/audios\/41785.mp3\" preload=\"none\"><\/audio><\/p><p>\r\n\t<strong><\/p><p>\r\nO conflito entre Estados Unidos, Israel e Ir\u00e3 entrou em seu d\u00e9cimo dia, com intensos ataques a\u00e9reos concentrados na prov\u00edncia de Isfahan, uma das regi\u00f5es mais importantes do pa\u00eds tanto do ponto de vista militar quanto cultural<\/strong><\/p><p><\/p><p>\r\nDe acordo com relatos independentes de direitos humanos, nas \u00faltimas 24 horas foram registrados pelo menos 40 ataques na prov\u00edncia, representando uma parcela significativa das a\u00e7\u00f5es militares em andamento. Esses bombardeios e ataques com drones causaram danos extensos a diversas instala\u00e7\u00f5es, incluindo alvos militares e industriais, mas o que mais preocupa \u00e9 o impacto em locais hist\u00f3ricos valiosos. Pal\u00e1cios e museus emblem\u00e1ticos, como o Chehel Sotoun e o Ali Qapu, sofreram danos, seja por impactos diretos ou por ondas de choque e detritos de explos\u00f5es pr\u00f3ximas. Esses monumentos, protegidos por leis internacionais humanit\u00e1rias por seu valor cultural universal, fazem parte do rico patrim\u00f4nio da era saf\u00e1vida e atraem visitantes do mundo todo por sua arquitetura deslumbrante e import\u00e2ncia hist\u00f3rica.\r\n<\/p><p>\r\nDo lado israelense e americano, a opera\u00e7\u00e3o &#8211; chamada de &#8220;Le\u00e3o Rugidor? &#8211; visa enfraquecer as capacidades militares do regime iraniano, com foco em instala\u00e7\u00f5es de m\u00edsseis bal\u00edsticos, centros de comando da Guarda Revolucion\u00e1ria, bases da Basij e estruturas de seguran\u00e7a interna em Isfahan e outras cidades. Autoridades de Israel e dos EUA afirmam que os alvos s\u00e3o exclusivamente militares e de repress\u00e3o ao povo iraniano, negando inten\u00e7\u00f5es de atingir patrim\u00f4nio cultural. Eles destacam que as a\u00e7\u00f5es respondem a amea\u00e7as anteriores e buscam reduzir a capacidade de lan\u00e7amento de m\u00edsseis contra Israel e aliados regionais.\r\n<\/p><p>\r\nEnquanto isso, o Ir\u00e3 retaliou com barragens de m\u00edsseis e drones contra Israel e bases americanas no Oriente M\u00e9dio, causando alertas, intercepta\u00e7\u00f5es e alguns danos por detritos em cidades israelenses. O conflito j\u00e1 acumula centenas de v\u00edtimas civis e militares em ambos os lados, com n\u00fameros oficiais iranianos indicando mais de mil mortos desde o in\u00edcio das hostilidades em 28 de fevereiro de 2026, incluindo muitas crian\u00e7as e mulheres.\r\n<\/p><p>\r\nA situa\u00e7\u00e3o em Isfahan ilustra o risco de que uma guerra prolongada destrua n\u00e3o s\u00f3 infraestruturas estrat\u00e9gicas, mas tamb\u00e9m legados culturais irrecuper\u00e1veis da humanidade. Organiza\u00e7\u00f5es internacionais acompanham de perto, alertando para a necessidade de proteger esses tesouros em meio \u00e0 escalada. Por enquanto, n\u00e3o h\u00e1 sinais de tr\u00e9gua iminente, e ambos os lados indicam que as opera\u00e7\u00f5es continuar\u00e3o.\r\n<\/p><p>\r\n<hr>\r\n\r\n<p style=\"text-align:right\"><em>Publicado em 10\/03\/2026 10h28<\/em><\/p>\r\n<hr>\r\n<p style=\"text-align:right\"><em><a href=\"https:\/\/iustitia.com.br\/en\/?page_id=988\">English version<\/a><\/em><\/p>\r\n<hr>\r\n\r\n\t\t<p>Texto adaptado por IA (Grok) do original. Imagens de bibliotecas de imagens ou origem na legenda.<\/p>\r\n\t\t<hr>\r\n\t\t<p>Artigo original:<\/p>\r\n\t\t\r\n\t\t\r\n\r\n<ul class=\"wp-block-list\"><li><a href=\"https:\/\/www.israelnationalnews.com\/news\/423124\" target=\"_blank\">https:\/\/www.israelnationalnews.com\/news\/423124<\/a><\/li><\/ul>\r\n\r\n\r\n\r\n\r\n<hr class=\"wp-block-separator is-style-wide\"\/>\r\n\r\n<div style=\"position: buttonline;\"><iframe loading=\"lazy\" src=\"https:\/\/vendedoradesonhos.com.br\/rodape_sites.php?arg=41785\" frameborder=\"0\" height=\"420px\" width=\"100%\"><\/iframe><\/div>\r\n<div style=\"position: buttonline;\"><iframe loading=\"lazy\" src=\"https:\/\/vendedoradesonhos.com.br\/comentario_navegacao.php?arg=41785\" frameborder=\"0\" height=\"500px\" width=\"100%\"><\/iframe><\/div>\r\n<div style=\"position:absolute; width:40%; height:70px; top:-70px; left:0px;\"><iframe loading=\"lazy\" src=\"https:\/\/vendedoradesonhos.com.br\/oferta_site_esq.php?arg=41785\" frameborder=\"0\" height=\"100%\" width=\"100%\"><\/iframe><\/div>\r\n<div style=\"position:absolute; width:40%; height:70px; top:-70px; right:0px;\"><iframe loading=\"lazy\" src=\"https:\/\/vendedoradesonhos.com.br\/oferta_site_dir.php?arg=41785\" frameborder=\"0\" height=\"100%;\" width=\"100%\"><\/iframe><\/div>\r\n\r\n\r\n<div class=\"wp-block-image\"><figure><iframe loading=\"lazy\" src=\"https:\/\/vendedoradesonhos.com.br\/oferta_site_central.php\" width=\"100%\" height=\"330\" frameborder=\"0\"><\/iframe><figcaption>{teste}<\/figcaption><\/figure><\/div><hr>","protected":false},"excerpt":{"rendered":"<p>e<\/p>\n","protected":false},"author":1,"featured_media":0,"parent":0,"menu_order":0,"comment_status":"closed","ping_status":"closed","template":"","meta":{"footnotes":""},"class_list":["post-2814","page","type-page","status-publish","hentry"],"_links":{"self":[{"href":"https:\/\/israelagora.com.br\/en\/index.php?rest_route=\/wp\/v2\/pages\/2814","targetHints":{"allow":["GET"]}}],"collection":[{"href":"https:\/\/israelagora.com.br\/en\/index.php?rest_route=\/wp\/v2\/pages"}],"about":[{"href":"https:\/\/israelagora.com.br\/en\/index.php?rest_route=\/wp\/v2\/types\/page"}],"author":[{"embeddable":true,"href":"https:\/\/israelagora.com.br\/en\/index.php?rest_route=\/wp\/v2\/users\/1"}],"replies":[{"embeddable":true,"href":"https:\/\/israelagora.com.br\/en\/index.php?rest_route=%2Fwp%2Fv2%2Fcomments&post=2814"}],"version-history":[{"count":0,"href":"https:\/\/israelagora.com.br\/en\/index.php?rest_route=\/wp\/v2\/pages\/2814\/revisions"}],"wp:attachment":[{"href":"https:\/\/israelagora.com.br\/en\/index.php?rest_route=%2Fwp%2Fv2%2Fmedia&parent=2814"}],"curies":[{"name":"wp","href":"https:\/\/api.w.org\/{rel}","templated":true}]}}