{"id":900,"date":"2024-11-01T15:53:08","date_gmt":"2024-01-01T00:00:00","guid":{"rendered":""},"modified":"2024-01-01T00:00:00","modified_gmt":"2024-01-01T00:00:00","slug":"a-idf-e-a-isa-eliminaram-o-terrorista-izz-al-din-kassab-um-membro-do-bureau-politico-do-hamas-e-chefe-de-relacoes","status":"publish","type":"page","link":"https:\/\/israelagora.com.br\/en\/?page_id=900","title":{"rendered":"Instruments at the U.S.Naval Research Laboratory recorded the passage of comet C\/2023 A3, Tsuchinshan-ATLAS, as it approached the Sun"},"content":{"rendered":"<div class=\"wp-block-image\"><figure><img decoding=\"async\" src=\"https:\/\/vendedoradesonhos.com.br\/img\/sites\/img_kassab_eliminado.jpg\" alt=\"\" style=\"width:100%\"><figcaption>Profile of Izz al-Din Kassab, a member of Hamas&#8217; political bureau, and head of national relations within the organization<\/figcaption><\/figure><\/div><hr><\/p><p>\r\n<a href='https:\/\/israelisisreal.co's=hamas'>#Hamas<\/a><\/p><p>\r\n<strong>The IDF and ISA eliminated the terrorist Izz al-Din Kassab, a member of Hamas&#8217; political bureau, and head of national relations within the organization earlier today, the IAF conducted a strike based on IDF and ISA intelligence in the area of Khan Yunis and eliminated the terrorist Izz al-Din Kassab.<\/strong>\r\n<\/p><p>\r\nKassab was a member of Hamas&#8217; political bureau, and was responsible for national relations within the organization, overseeing the coordination and connection between Hamas and other terrorist organizations in the Gaza Strip.\r\n<\/p><p>\r\nKassab was a significant source of power and, by virtue of his role, was responsible for the organization&#8217;s strategic and military relations with other factions in the Gaza Strip. He held the authority to direct the execution of terror attacks against the State of Israel.\r\n<\/p><p>\r\nKassab was one of the last high-ranking members of Hamas&#8217; political bureau alive in the Gaza Strip. Alongside him, his assistant, the militant Ayman Ayesh, was also eliminated.\r\n<\/p><p>\r\nAttached is the identification card of Izz al-Din Kassab, a member of Hamas&#8217;s political bureau, who served as the head of national relations for the organization.\r\n<\/p><p>\r\n<b>Video of the strike:<\/b>\r\n<\/p><p>\r\n<div class=\"wp-block-image\"><figure><blockquote class=\"twitter-tweet\" data-media-max-width=\"560\"><p lang=\"pt\" dir=\"ltr\">Elimina\u00e7\u00e3o do terrorista Izz al-Din Kassab.<br>Kassab era um membro do bureau pol\u00edtico do Hamas e era respons\u00e1vel pelas rela\u00e7\u00f5es nacionais dentro da organiza\u00e7\u00e3o. <a href=\"https:\/\/t.co\/j1tbrFEFvw\">pic.twitter.com\/j1tbrFEFvw<\/a><\/p>? Israel Agora e Sempre (@AgoraIsrael) <a href=\"https:\/\/twitter.com\/AgoraIsrael\/status\/1852434232712552853?ref_src=twsrc%5Etfw\">November 1, 2024<\/a><\/blockquote> <script async src=\"https:\/\/platform.twitter.com\/widgets.js\" charset=\"utf-8\"><\/script><figcaption>Video of the strike<\/figcaption><\/figure><\/div>\r\n<hr>\r\n\r\n<p style=\"text-align:right\"><em>Published in 11\/01\/2024 19h53<\/em><\/p>\r\n<hr>\r\n<p style=\"text-align:right\"><em><a href=\"https:\/\/israelagora.com.br\/?page_id=16765\">Portuguese version<\/a><\/em><\/p>\r\n<hr>\r\n\r\n\r\n\r\n<p>Original article: <\/p>\r\n\r\n\r\n\r\n<ul class=\"wp-block-list\"><li><a href=\"https:\/\/scitechdaily.com\/epic-comet-pass-tsuchinshan-atlas-outshines-expectations-with-brilliant-solar-passage\/\" target=\"_blank\">https:\/\/scitechdaily.com\/epic-comet-pass-tsuchinshan-atlas-outshines-expectations-with-brilliant-solar-passage\/<\/a><\/li><\/ul>\r\n\r\n\r\n\r\n\r\n<hr class=\"wp-block-separator is-style-wide\"\/>\r\n\r\n<div style=\"position: buttonline;\"><iframe loading=\"lazy\" src=\"https:\/\/vendedoradesonhos.com.br\/rodape_sites.php\"arg=2690\" frameborder=\"0\" height=\"420px\" width=\"100%\"><\/iframe><\/div>\r\n<div style=\"position: buttonline;\"><iframe loading=\"lazy\" src=\"https:\/\/vendedoradesonhos.com.br\/comentario_navegacao.php\"arg=2690\" frameborder=\"0\" height=\"500px\" width=\"100%\"><\/iframe><\/div>\r\n<div style=\"position:absolute; width:40%; height:70px; top:-70px; left:0px;\"><iframe loading=\"lazy\" src=\"https:\/\/vendedoradesonhos.com.br\/oferta_site_esq.php\"arg=2690\" frameborder=\"0\" height=\"100%\" width=\"100%\"><\/iframe><\/div>\r\n<div style=\"position:absolute; width:40%; height:70px; top:-70px; right:0px;\"><iframe loading=\"lazy\" src=\"https:\/\/vendedoradesonhos.com.br\/oferta_site_dir.php\"arg=2690\" frameborder=\"0\" height=\"100%;\" width=\"100%\"><\/iframe><\/div>","protected":false},"excerpt":{"rendered":"<p>e<\/p>\n","protected":false},"author":1,"featured_media":0,"parent":44,"menu_order":0,"comment_status":"closed","ping_status":"closed","template":"","meta":{"footnotes":""},"class_list":["post-900","page","type-page","status-publish","hentry"],"_links":{"self":[{"href":"https:\/\/israelagora.com.br\/en\/index.php?rest_route=\/wp\/v2\/pages\/900","targetHints":{"allow":["GET"]}}],"collection":[{"href":"https:\/\/israelagora.com.br\/en\/index.php?rest_route=\/wp\/v2\/pages"}],"about":[{"href":"https:\/\/israelagora.com.br\/en\/index.php?rest_route=\/wp\/v2\/types\/page"}],"author":[{"embeddable":true,"href":"https:\/\/israelagora.com.br\/en\/index.php?rest_route=\/wp\/v2\/users\/1"}],"replies":[{"embeddable":true,"href":"https:\/\/israelagora.com.br\/en\/index.php?rest_route=%2Fwp%2Fv2%2Fcomments&post=900"}],"version-history":[{"count":0,"href":"https:\/\/israelagora.com.br\/en\/index.php?rest_route=\/wp\/v2\/pages\/900\/revisions"}],"up":[{"embeddable":true,"href":"https:\/\/israelagora.com.br\/en\/index.php?rest_route=\/wp\/v2\/pages\/44"}],"wp:attachment":[{"href":"https:\/\/israelagora.com.br\/en\/index.php?rest_route=%2Fwp%2Fv2%2Fmedia&parent=900"}],"curies":[{"name":"wp","href":"https:\/\/api.w.org\/{rel}","templated":true}]}}